{"id":205,"date":"2020-01-22T10:53:22","date_gmt":"2020-01-22T10:53:22","guid":{"rendered":"https:\/\/bridge316.qodeinteractive.com\/?page_id=205"},"modified":"2024-07-17T10:17:17","modified_gmt":"2024-07-17T08:17:17","slug":"assortiment","status":"publish","type":"page","link":"https:\/\/privatelabel.bidfood.be\/index.php\/assortiment\/","title":{"rendered":"Assortiment"},"content":{"rendered":"\t\t<div data-elementor-type=\"wp-page\" data-elementor-id=\"205\" class=\"elementor elementor-205\">\n\t\t\t\t<div class=\"elementor-element elementor-element-504a5c4 e-con-full e-flex wpr-particle-no wpr-jarallax-no wpr-parallax-no wpr-sticky-section-no parallax_section_no qode_elementor_container_no e-con e-parent\" data-id=\"504a5c4\" data-element_type=\"container\">\n\t\t\t\t<div class=\"elementor-element elementor-element-d3989d3 wpr-grid-columns-3 wpr-grid-columns--tablet2 wpr-grid-columns--mobile1 wpr-grid-pagination-center wpr-item-styles-inner elementor-widget elementor-widget-wpr-woo-grid\" data-id=\"d3989d3\" data-element_type=\"widget\" data-widget_type=\"wpr-woo-grid.default\">\n\t\t\t\t<div class=\"elementor-widget-container\">\n\t\t\t<ul class=\"wpr-grid-filters elementor-clearfix wpr-grid-filters-sep-right\"><li class=\" wpr-pointer-none wpr-pointer-line-fx wpr-pointer-fx-none\"><span data-filter=\"*\" class=\"wpr-active-filter \">Tous<\/span><em class=\"wpr-grid-filters-sep\"><\/em><\/li><li class=\" wpr-pointer-none wpr-pointer-line-fx wpr-pointer-fx-none\"><span  data-filter=\".product_cat-de-clercq\">De Clercq<\/span><em class=\"wpr-grid-filters-sep\"><\/em><\/li><li class=\" wpr-pointer-none wpr-pointer-line-fx wpr-pointer-fx-none\"><span  data-filter=\".product_cat-horeca-service\">Horeca Service<\/span><em class=\"wpr-grid-filters-sep\"><\/em><\/li><li class=\" wpr-pointer-none wpr-pointer-line-fx wpr-pointer-fx-none\"><span  data-filter=\".product_cat-makady\">Makady<\/span><em class=\"wpr-grid-filters-sep\"><\/em><\/li><li class=\" wpr-pointer-none wpr-pointer-line-fx wpr-pointer-fx-none\"><span  data-filter=\".product_cat-thuin-kruibeke\">Thuin-Kruibeke<\/span><em class=\"wpr-grid-filters-sep\"><\/em><\/li><\/ul><section class=\"wpr-grid elementor-clearfix\" data-settings=\"{&quot;layout&quot;:&quot;fitRows&quot;,&quot;stick_last_element_to_bottom&quot;:&quot;&quot;,&quot;columns_desktop&quot;:3,&quot;gutter_hr&quot;:20,&quot;gutter_hr_mobile&quot;:20,&quot;gutter_hr_mobile_extra&quot;:20,&quot;gutter_hr_tablet&quot;:20,&quot;gutter_hr_tablet_extra&quot;:20,&quot;gutter_hr_laptop&quot;:20,&quot;gutter_hr_widescreen&quot;:20,&quot;gutter_vr&quot;:30,&quot;gutter_vr_mobile&quot;:30,&quot;gutter_vr_mobile_extra&quot;:30,&quot;gutter_vr_tablet&quot;:30,&quot;gutter_vr_tablet_extra&quot;:30,&quot;gutter_vr_laptop&quot;:30,&quot;gutter_vr_widescreen&quot;:30,&quot;animation&quot;:&quot;default&quot;,&quot;animation_duration&quot;:0.3,&quot;animation_delay&quot;:0.1,&quot;deeplinking&quot;:&quot;&quot;,&quot;filters_linkable&quot;:&quot;&quot;,&quot;filters_default_filter&quot;:&quot;&quot;,&quot;filters_count&quot;:&quot;&quot;,&quot;filters_hide_empty&quot;:&quot;&quot;,&quot;filters_animation&quot;:&quot;default&quot;,&quot;filters_animation_duration&quot;:0.3,&quot;filters_animation_delay&quot;:0.1,&quot;pagination_type&quot;:&quot;load-more&quot;,&quot;pagination_max_pages&quot;:48,&quot;lightbox&quot;:{&quot;selector&quot;:&quot;.wpr-grid-image-wrap&quot;,&quot;iframeMaxWidth&quot;:&quot;60%&quot;,&quot;hash&quot;:false,&quot;autoplay&quot;:&quot;true&quot;,&quot;pause&quot;:5000,&quot;progressBar&quot;:&quot;true&quot;,&quot;counter&quot;:&quot;true&quot;,&quot;controls&quot;:&quot;true&quot;,&quot;getCaptionFromTitleOrAlt&quot;:&quot;true&quot;,&quot;thumbnail&quot;:&quot;&quot;,&quot;showThumbByDefault&quot;:&quot;&quot;,&quot;share&quot;:&quot;&quot;,&quot;zoom&quot;:&quot;true&quot;,&quot;fullScreen&quot;:&quot;true&quot;,&quot;download&quot;:&quot;true&quot;}}\" data-found-posts = 424><article class=\"wpr-grid-item elementor-clearfix post-3004 product type-product status-publish product_cat-horeca-service product_cat-thuin-kruibeke product_tag-produits-de-la-mer first instock shipping-taxable product-type-simple\"><div class=\"wpr-grid-item-inner\"><div class=\"wpr-grid-media-wrap wpr-effect-size-medium \" data-overlay-link=\"yes\"><div class=\"wpr-grid-media-hover wpr-animation-wrap\"><div class=\"wpr-grid-media-hover-bg  wpr-overlay-fade-in wpr-anim-size-large wpr-anim-timing-ease-default wpr-anim-transparency\" data-url=\"https:\/\/privatelabel.bidfood.be\/index.php\/product\/saumon-fum-artisanal-prtranch-12-15kg\/\"><\/div><\/div><\/div><div class=\"wpr-grid-item-below-content elementor-clearfix\"><div class=\"wpr-grid-item-product_cat elementor-repeater-item-5727214 wpr-grid-item-display-block wpr-grid-item-align-center wpr-pointer-none wpr-pointer-line-fx wpr-pointer-fx-fade wpr-grid-product-categories\"><div class=\"inner-block\"><a  href=\"https:\/\/privatelabel.bidfood.be\/index.php\/product-category\/horeca-service\/\">Horeca Service<span class=\"tax-sep\">, <\/span><\/a><a  href=\"https:\/\/privatelabel.bidfood.be\/index.php\/product-category\/thuin-kruibeke\/\">Thuin-Kruibeke<\/a><\/div><\/div><h2 class=\"wpr-grid-item-title elementor-repeater-item-927fa42 wpr-grid-item-display-block wpr-grid-item-align-center wpr-pointer-none wpr-pointer-line-fx wpr-pointer-fx-fade\"><div class=\"inner-block\"><a target=\"_self\"   href=\"https:\/\/privatelabel.bidfood.be\/index.php\/product\/saumon-fum-artisanal-prtranch-12-15kg\/\">Saumon fum\u00e9 artisanal pr\u00e9tranch\u00e9 1,2-1,5kg<\/a><\/div><\/h2><\/div><\/div><\/article><article class=\"wpr-grid-item elementor-clearfix post-3003 product type-product status-publish product_cat-makady product_tag-huile-et-graisse  instock shipping-taxable product-type-simple\"><div class=\"wpr-grid-item-inner\"><div class=\"wpr-grid-media-wrap wpr-effect-size-medium \" data-overlay-link=\"yes\"><div class=\"wpr-grid-media-hover wpr-animation-wrap\"><div class=\"wpr-grid-media-hover-bg  wpr-overlay-fade-in wpr-anim-size-large wpr-anim-timing-ease-default wpr-anim-transparency\" data-url=\"https:\/\/privatelabel.bidfood.be\/index.php\/product\/huile-de-friture-colza\/\"><\/div><\/div><\/div><div class=\"wpr-grid-item-below-content elementor-clearfix\"><div class=\"wpr-grid-item-product_cat elementor-repeater-item-5727214 wpr-grid-item-display-block wpr-grid-item-align-center wpr-pointer-none wpr-pointer-line-fx wpr-pointer-fx-fade wpr-grid-product-categories\"><div class=\"inner-block\"><a  href=\"https:\/\/privatelabel.bidfood.be\/index.php\/product-category\/makady\/\">Makady<\/a><\/div><\/div><h2 class=\"wpr-grid-item-title elementor-repeater-item-927fa42 wpr-grid-item-display-block wpr-grid-item-align-center wpr-pointer-none wpr-pointer-line-fx wpr-pointer-fx-fade\"><div class=\"inner-block\"><a target=\"_self\"   href=\"https:\/\/privatelabel.bidfood.be\/index.php\/product\/huile-de-friture-colza\/\">Huile de friture colza<\/a><\/div><\/h2><\/div><\/div><\/article><article class=\"wpr-grid-item elementor-clearfix post-3002 product type-product status-publish product_cat-makady product_tag-sauces last instock shipping-taxable product-type-simple\"><div class=\"wpr-grid-item-inner\"><div class=\"wpr-grid-media-wrap wpr-effect-size-medium \" data-overlay-link=\"yes\"><div class=\"wpr-grid-media-hover wpr-animation-wrap\"><div class=\"wpr-grid-media-hover-bg  wpr-overlay-fade-in wpr-anim-size-large wpr-anim-timing-ease-default wpr-anim-transparency\" data-url=\"https:\/\/privatelabel.bidfood.be\/index.php\/product\/pompe-mayo-5l\/\"><\/div><\/div><\/div><div class=\"wpr-grid-item-below-content elementor-clearfix\"><div class=\"wpr-grid-item-product_cat elementor-repeater-item-5727214 wpr-grid-item-display-block wpr-grid-item-align-center wpr-pointer-none wpr-pointer-line-fx wpr-pointer-fx-fade wpr-grid-product-categories\"><div class=\"inner-block\"><a  href=\"https:\/\/privatelabel.bidfood.be\/index.php\/product-category\/makady\/\">Makady<\/a><\/div><\/div><h2 class=\"wpr-grid-item-title elementor-repeater-item-927fa42 wpr-grid-item-display-block wpr-grid-item-align-center wpr-pointer-none wpr-pointer-line-fx wpr-pointer-fx-fade\"><div class=\"inner-block\"><a target=\"_self\"   href=\"https:\/\/privatelabel.bidfood.be\/index.php\/product\/pompe-mayo-5l\/\">Pompe mayo 5L<\/a><\/div><\/h2><\/div><\/div><\/article><article class=\"wpr-grid-item elementor-clearfix post-3001 product type-product status-publish product_cat-makady product_tag-sauces first instock shipping-taxable product-type-simple\"><div class=\"wpr-grid-item-inner\"><div class=\"wpr-grid-media-wrap wpr-effect-size-medium \" data-overlay-link=\"yes\"><div class=\"wpr-grid-media-hover wpr-animation-wrap\"><div class=\"wpr-grid-media-hover-bg  wpr-overlay-fade-in wpr-anim-size-large wpr-anim-timing-ease-default wpr-anim-transparency\" data-url=\"https:\/\/privatelabel.bidfood.be\/index.php\/product\/mayonnaise-4\/\"><\/div><\/div><\/div><div class=\"wpr-grid-item-below-content elementor-clearfix\"><div class=\"wpr-grid-item-product_cat elementor-repeater-item-5727214 wpr-grid-item-display-block wpr-grid-item-align-center wpr-pointer-none wpr-pointer-line-fx wpr-pointer-fx-fade wpr-grid-product-categories\"><div class=\"inner-block\"><a  href=\"https:\/\/privatelabel.bidfood.be\/index.php\/product-category\/makady\/\">Makady<\/a><\/div><\/div><h2 class=\"wpr-grid-item-title elementor-repeater-item-927fa42 wpr-grid-item-display-block wpr-grid-item-align-center wpr-pointer-none wpr-pointer-line-fx wpr-pointer-fx-fade\"><div class=\"inner-block\"><a target=\"_self\"   href=\"https:\/\/privatelabel.bidfood.be\/index.php\/product\/mayonnaise-4\/\">Mayonnaise<\/a><\/div><\/h2><\/div><\/div><\/article><article class=\"wpr-grid-item elementor-clearfix post-3000 product type-product status-publish product_cat-makady product_tag-sauces  instock shipping-taxable product-type-simple\"><div class=\"wpr-grid-item-inner\"><div class=\"wpr-grid-media-wrap wpr-effect-size-medium \" data-overlay-link=\"yes\"><div class=\"wpr-grid-media-hover wpr-animation-wrap\"><div class=\"wpr-grid-media-hover-bg  wpr-overlay-fade-in wpr-anim-size-large wpr-anim-timing-ease-default wpr-anim-transparency\" data-url=\"https:\/\/privatelabel.bidfood.be\/index.php\/product\/mayonaise-pet\/\"><\/div><\/div><\/div><div class=\"wpr-grid-item-below-content elementor-clearfix\"><div class=\"wpr-grid-item-product_cat elementor-repeater-item-5727214 wpr-grid-item-display-block wpr-grid-item-align-center wpr-pointer-none wpr-pointer-line-fx wpr-pointer-fx-fade wpr-grid-product-categories\"><div class=\"inner-block\"><a  href=\"https:\/\/privatelabel.bidfood.be\/index.php\/product-category\/makady\/\">Makady<\/a><\/div><\/div><h2 class=\"wpr-grid-item-title elementor-repeater-item-927fa42 wpr-grid-item-display-block wpr-grid-item-align-center wpr-pointer-none wpr-pointer-line-fx wpr-pointer-fx-fade\"><div class=\"inner-block\"><a target=\"_self\"   href=\"https:\/\/privatelabel.bidfood.be\/index.php\/product\/mayonaise-pet\/\">Mayonaise PET<\/a><\/div><\/h2><\/div><\/div><\/article><article class=\"wpr-grid-item elementor-clearfix post-2999 product type-product status-publish product_cat-makady product_tag-assaisonnement-et-condiment last instock shipping-taxable product-type-simple\"><div class=\"wpr-grid-item-inner\"><div class=\"wpr-grid-media-wrap wpr-effect-size-medium \" data-overlay-link=\"yes\"><div class=\"wpr-grid-media-hover wpr-animation-wrap\"><div class=\"wpr-grid-media-hover-bg  wpr-overlay-fade-in wpr-anim-size-large wpr-anim-timing-ease-default wpr-anim-transparency\" data-url=\"https:\/\/privatelabel.bidfood.be\/index.php\/product\/cornichons-extra-fin\/\"><\/div><\/div><\/div><div class=\"wpr-grid-item-below-content elementor-clearfix\"><div class=\"wpr-grid-item-product_cat elementor-repeater-item-5727214 wpr-grid-item-display-block wpr-grid-item-align-center wpr-pointer-none wpr-pointer-line-fx wpr-pointer-fx-fade wpr-grid-product-categories\"><div class=\"inner-block\"><a  href=\"https:\/\/privatelabel.bidfood.be\/index.php\/product-category\/makady\/\">Makady<\/a><\/div><\/div><h2 class=\"wpr-grid-item-title elementor-repeater-item-927fa42 wpr-grid-item-display-block wpr-grid-item-align-center wpr-pointer-none wpr-pointer-line-fx wpr-pointer-fx-fade\"><div class=\"inner-block\"><a target=\"_self\"   href=\"https:\/\/privatelabel.bidfood.be\/index.php\/product\/cornichons-extra-fin\/\">Cornichons extra fin<\/a><\/div><\/h2><\/div><\/div><\/article><article class=\"wpr-grid-item elementor-clearfix post-2998 product type-product status-publish product_cat-makady product_tag-legumes first instock shipping-taxable product-type-simple\"><div class=\"wpr-grid-item-inner\"><div class=\"wpr-grid-media-wrap wpr-effect-size-medium \" data-overlay-link=\"yes\"><div class=\"wpr-grid-media-hover wpr-animation-wrap\"><div class=\"wpr-grid-media-hover-bg  wpr-overlay-fade-in wpr-anim-size-large wpr-anim-timing-ease-default wpr-anim-transparency\" data-url=\"https:\/\/privatelabel.bidfood.be\/index.php\/product\/oignons-14-16\/\"><\/div><\/div><\/div><div class=\"wpr-grid-item-below-content elementor-clearfix\"><div class=\"wpr-grid-item-product_cat elementor-repeater-item-5727214 wpr-grid-item-display-block wpr-grid-item-align-center wpr-pointer-none wpr-pointer-line-fx wpr-pointer-fx-fade wpr-grid-product-categories\"><div class=\"inner-block\"><a  href=\"https:\/\/privatelabel.bidfood.be\/index.php\/product-category\/makady\/\">Makady<\/a><\/div><\/div><h2 class=\"wpr-grid-item-title elementor-repeater-item-927fa42 wpr-grid-item-display-block wpr-grid-item-align-center wpr-pointer-none wpr-pointer-line-fx wpr-pointer-fx-fade\"><div class=\"inner-block\"><a target=\"_self\"   href=\"https:\/\/privatelabel.bidfood.be\/index.php\/product\/oignons-14-16\/\">Oignons 14\/16<\/a><\/div><\/h2><\/div><\/div><\/article><article class=\"wpr-grid-item elementor-clearfix post-2997 product type-product status-publish product_cat-makady product_tag-assaisonnement-et-condiment  instock shipping-taxable product-type-simple\"><div class=\"wpr-grid-item-inner\"><div class=\"wpr-grid-media-wrap wpr-effect-size-medium \" data-overlay-link=\"yes\"><div class=\"wpr-grid-media-hover wpr-animation-wrap\"><div class=\"wpr-grid-media-hover-bg  wpr-overlay-fade-in wpr-anim-size-large wpr-anim-timing-ease-default wpr-anim-transparency\" data-url=\"https:\/\/privatelabel.bidfood.be\/index.php\/product\/vinaigrette-la-ciboulette\/\"><\/div><\/div><\/div><div class=\"wpr-grid-item-below-content elementor-clearfix\"><div class=\"wpr-grid-item-product_cat elementor-repeater-item-5727214 wpr-grid-item-display-block wpr-grid-item-align-center wpr-pointer-none wpr-pointer-line-fx wpr-pointer-fx-fade wpr-grid-product-categories\"><div class=\"inner-block\"><a  href=\"https:\/\/privatelabel.bidfood.be\/index.php\/product-category\/makady\/\">Makady<\/a><\/div><\/div><h2 class=\"wpr-grid-item-title elementor-repeater-item-927fa42 wpr-grid-item-display-block wpr-grid-item-align-center wpr-pointer-none wpr-pointer-line-fx wpr-pointer-fx-fade\"><div class=\"inner-block\"><a target=\"_self\"   href=\"https:\/\/privatelabel.bidfood.be\/index.php\/product\/vinaigrette-la-ciboulette\/\">Vinaigrette \u00e0 la ciboulette<\/a><\/div><\/h2><\/div><\/div><\/article><article class=\"wpr-grid-item elementor-clearfix post-2996 product type-product status-publish product_cat-horeca-service product_cat-makady product_tag-sauces last instock shipping-taxable product-type-simple\"><div class=\"wpr-grid-item-inner\"><div class=\"wpr-grid-media-wrap wpr-effect-size-medium \" data-overlay-link=\"yes\"><div class=\"wpr-grid-media-hover wpr-animation-wrap\"><div class=\"wpr-grid-media-hover-bg  wpr-overlay-fade-in wpr-anim-size-large wpr-anim-timing-ease-default wpr-anim-transparency\" data-url=\"https:\/\/privatelabel.bidfood.be\/index.php\/product\/moutarde-pure\/\"><\/div><\/div><\/div><div class=\"wpr-grid-item-below-content elementor-clearfix\"><div class=\"wpr-grid-item-product_cat elementor-repeater-item-5727214 wpr-grid-item-display-block wpr-grid-item-align-center wpr-pointer-none wpr-pointer-line-fx wpr-pointer-fx-fade wpr-grid-product-categories\"><div class=\"inner-block\"><a  href=\"https:\/\/privatelabel.bidfood.be\/index.php\/product-category\/horeca-service\/\">Horeca Service<span class=\"tax-sep\">, <\/span><\/a><a  href=\"https:\/\/privatelabel.bidfood.be\/index.php\/product-category\/makady\/\">Makady<\/a><\/div><\/div><h2 class=\"wpr-grid-item-title elementor-repeater-item-927fa42 wpr-grid-item-display-block wpr-grid-item-align-center wpr-pointer-none wpr-pointer-line-fx wpr-pointer-fx-fade\"><div class=\"inner-block\"><a target=\"_self\"   href=\"https:\/\/privatelabel.bidfood.be\/index.php\/product\/moutarde-pure\/\">Moutarde pure<\/a><\/div><\/h2><\/div><\/div><\/article><\/section><div class=\"wpr-grid-pagination elementor-clearfix wpr-grid-pagination-load-more\"><a href=\"https:\/\/privatelabel.bidfood.be\/index.php\/wp-json\/wp\/v2\/pages\/205\/page\/2\/\" class=\"wpr-load-more-btn\" data-e-disable-page-transition>Voir +<\/a><div class=\"wpr-pagination-loading\"><div class=\"wpr-double-bounce\"><div class=\"wpr-child wpr-double-bounce1\"><\/div><div class=\"wpr-child wpr-double-bounce2\"><\/div><\/div><\/div><p class=\"wpr-pagination-finish\">Fin.<\/p><\/div>\t\t<\/div>\n\t\t\t\t<\/div>\n\t\t\t\t<\/div>\n\t\t\t\t<\/div>\n\t\t","protected":false},"excerpt":{"rendered":"<p>Tous Assaisonnement &amp; condiment Bouillons &amp; aides culinaires Sauces &nbsp;&nbsp;Back Bouillons Fonds, fumets et jus Roux &nbsp;&nbsp;Back Sauces chaudes Sauces froides Bouillons, Bouillons &amp; aides culinaires Potage aux tomates Sauces, Sauces chaudes Clover Honey Sauces, Sauces froides Buckwheat Honey Bouillons &amp; aides culinaires, Fonds, fumets&#8230;<\/p>\n","protected":false},"author":1,"featured_media":0,"parent":0,"menu_order":0,"comment_status":"closed","ping_status":"closed","template":"elementor_theme","meta":{"footnotes":""},"class_list":["post-205","page","type-page","status-publish","hentry"],"_links":{"self":[{"href":"https:\/\/privatelabel.bidfood.be\/index.php\/wp-json\/wp\/v2\/pages\/205","targetHints":{"allow":["GET"]}}],"collection":[{"href":"https:\/\/privatelabel.bidfood.be\/index.php\/wp-json\/wp\/v2\/pages"}],"about":[{"href":"https:\/\/privatelabel.bidfood.be\/index.php\/wp-json\/wp\/v2\/types\/page"}],"author":[{"embeddable":true,"href":"https:\/\/privatelabel.bidfood.be\/index.php\/wp-json\/wp\/v2\/users\/1"}],"replies":[{"embeddable":true,"href":"https:\/\/privatelabel.bidfood.be\/index.php\/wp-json\/wp\/v2\/comments?post=205"}],"version-history":[{"count":38,"href":"https:\/\/privatelabel.bidfood.be\/index.php\/wp-json\/wp\/v2\/pages\/205\/revisions"}],"predecessor-version":[{"id":2081,"href":"https:\/\/privatelabel.bidfood.be\/index.php\/wp-json\/wp\/v2\/pages\/205\/revisions\/2081"}],"wp:attachment":[{"href":"https:\/\/privatelabel.bidfood.be\/index.php\/wp-json\/wp\/v2\/media?parent=205"}],"curies":[{"name":"wp","href":"https:\/\/api.w.org\/{rel}","templated":true}]}}