{"id":2586,"date":"2024-07-24T13:49:12","date_gmt":"2024-07-24T11:49:12","guid":{"rendered":"https:\/\/privatelabel.bidfood.be\/?post_type=product&#038;p=2586"},"modified":"2024-07-30T10:13:15","modified_gmt":"2024-07-30T08:13:15","slug":"lait-demi-crm-en-bag-in-box","status":"publish","type":"product","link":"https:\/\/privatelabel.bidfood.be\/index.php\/product\/lait-demi-crm-en-bag-in-box\/","title":{"rendered":"Lait demi-\u00e9cr\u00e9m\u00e9 en  bag-in-box"},"content":{"rendered":"","protected":false},"excerpt":{"rendered":"<p>Marque : Smart Choice<br \/>\nTemperature : Sec<br \/>\nConditionnement : 10L<\/p>\n","protected":false},"featured_media":3582,"template":"","meta":[],"product_cat":[368,370,367],"product_tag":[366],"class_list":{"0":"post-2586","1":"product","2":"type-product","3":"status-publish","4":"has-post-thumbnail","6":"product_cat-de-clercq","7":"product_cat-horeca-service","8":"product_cat-thuin-kruibeke","9":"product_tag-produits-laitiers-et-oeufs","11":"first","12":"instock","13":"shipping-taxable","14":"product-type-simple"},"_links":{"self":[{"href":"https:\/\/privatelabel.bidfood.be\/index.php\/wp-json\/wp\/v2\/product\/2586","targetHints":{"allow":["GET"]}}],"collection":[{"href":"https:\/\/privatelabel.bidfood.be\/index.php\/wp-json\/wp\/v2\/product"}],"about":[{"href":"https:\/\/privatelabel.bidfood.be\/index.php\/wp-json\/wp\/v2\/types\/product"}],"wp:featuredmedia":[{"embeddable":true,"href":"https:\/\/privatelabel.bidfood.be\/index.php\/wp-json\/wp\/v2\/media\/3582"}],"wp:attachment":[{"href":"https:\/\/privatelabel.bidfood.be\/index.php\/wp-json\/wp\/v2\/media?parent=2586"}],"wp:term":[{"taxonomy":"product_cat","embeddable":true,"href":"https:\/\/privatelabel.bidfood.be\/index.php\/wp-json\/wp\/v2\/product_cat?post=2586"},{"taxonomy":"product_tag","embeddable":true,"href":"https:\/\/privatelabel.bidfood.be\/index.php\/wp-json\/wp\/v2\/product_tag?post=2586"}],"curies":[{"name":"wp","href":"https:\/\/api.w.org\/{rel}","templated":true}]}}