{"id":2594,"date":"2024-07-24T13:49:15","date_gmt":"2024-07-24T11:49:15","guid":{"rendered":"https:\/\/privatelabel.bidfood.be\/?post_type=product&#038;p=2594"},"modified":"2024-07-30T10:00:49","modified_gmt":"2024-07-30T08:00:49","slug":"tomates-semi-sches-marines","status":"publish","type":"product","link":"https:\/\/privatelabel.bidfood.be\/index.php\/product\/tomates-semi-sches-marines\/","title":{"rendered":"Tomates semi-s\u00e9ch\u00e9es marin\u00e9es"},"content":{"rendered":"","protected":false},"excerpt":{"rendered":"<p>Marque : Chef&rsquo;s Fine Cook<br \/>\nTemperature : Frais<br \/>\nConditionnement : 600g<\/p>\n","protected":false},"featured_media":3574,"template":"","meta":[],"product_cat":[368,370,369,367],"product_tag":[377],"class_list":{"0":"post-2594","1":"product","2":"type-product","3":"status-publish","4":"has-post-thumbnail","6":"product_cat-de-clercq","7":"product_cat-horeca-service","8":"product_cat-makady","9":"product_cat-thuin-kruibeke","10":"product_tag-traiteur","12":"first","13":"instock","14":"shipping-taxable","15":"product-type-simple"},"_links":{"self":[{"href":"https:\/\/privatelabel.bidfood.be\/index.php\/wp-json\/wp\/v2\/product\/2594","targetHints":{"allow":["GET"]}}],"collection":[{"href":"https:\/\/privatelabel.bidfood.be\/index.php\/wp-json\/wp\/v2\/product"}],"about":[{"href":"https:\/\/privatelabel.bidfood.be\/index.php\/wp-json\/wp\/v2\/types\/product"}],"wp:featuredmedia":[{"embeddable":true,"href":"https:\/\/privatelabel.bidfood.be\/index.php\/wp-json\/wp\/v2\/media\/3574"}],"wp:attachment":[{"href":"https:\/\/privatelabel.bidfood.be\/index.php\/wp-json\/wp\/v2\/media?parent=2594"}],"wp:term":[{"taxonomy":"product_cat","embeddable":true,"href":"https:\/\/privatelabel.bidfood.be\/index.php\/wp-json\/wp\/v2\/product_cat?post=2594"},{"taxonomy":"product_tag","embeddable":true,"href":"https:\/\/privatelabel.bidfood.be\/index.php\/wp-json\/wp\/v2\/product_tag?post=2594"}],"curies":[{"name":"wp","href":"https:\/\/api.w.org\/{rel}","templated":true}]}}