{"id":2604,"date":"2024-07-24T13:49:19","date_gmt":"2024-07-24T11:49:19","guid":{"rendered":"https:\/\/privatelabel.bidfood.be\/?post_type=product&#038;p=2604"},"modified":"2024-07-30T09:13:48","modified_gmt":"2024-07-30T07:13:48","slug":"cleris-rps","status":"publish","type":"product","link":"https:\/\/privatelabel.bidfood.be\/index.php\/product\/cleris-rps\/","title":{"rendered":"C\u00e9leris r\u00e2p\u00e9s"},"content":{"rendered":"","protected":false},"excerpt":{"rendered":"<p>Marque : Smart Choice<br \/>\nTemperature : Sec<br \/>\nConditionnement : 3x5L<\/p>\n","protected":false},"featured_media":0,"template":"","meta":[],"product_cat":[368,367],"product_tag":[378],"class_list":{"0":"post-2604","1":"product","2":"type-product","3":"status-publish","5":"product_cat-de-clercq","6":"product_cat-thuin-kruibeke","7":"product_tag-legumes","9":"first","10":"instock","11":"shipping-taxable","12":"product-type-simple"},"_links":{"self":[{"href":"https:\/\/privatelabel.bidfood.be\/index.php\/wp-json\/wp\/v2\/product\/2604","targetHints":{"allow":["GET"]}}],"collection":[{"href":"https:\/\/privatelabel.bidfood.be\/index.php\/wp-json\/wp\/v2\/product"}],"about":[{"href":"https:\/\/privatelabel.bidfood.be\/index.php\/wp-json\/wp\/v2\/types\/product"}],"wp:attachment":[{"href":"https:\/\/privatelabel.bidfood.be\/index.php\/wp-json\/wp\/v2\/media?parent=2604"}],"wp:term":[{"taxonomy":"product_cat","embeddable":true,"href":"https:\/\/privatelabel.bidfood.be\/index.php\/wp-json\/wp\/v2\/product_cat?post=2604"},{"taxonomy":"product_tag","embeddable":true,"href":"https:\/\/privatelabel.bidfood.be\/index.php\/wp-json\/wp\/v2\/product_tag?post=2604"}],"curies":[{"name":"wp","href":"https:\/\/api.w.org\/{rel}","templated":true}]}}