{"id":2620,"date":"2024-07-24T13:49:39","date_gmt":"2024-07-24T11:49:39","guid":{"rendered":"https:\/\/privatelabel.bidfood.be\/?post_type=product&#038;p=2620"},"modified":"2024-07-30T08:30:53","modified_gmt":"2024-07-30T06:30:53","slug":"saumon-fum-prtranch","status":"publish","type":"product","link":"https:\/\/privatelabel.bidfood.be\/index.php\/product\/saumon-fum-prtranch\/","title":{"rendered":"Saumon fum\u00e9 pr\u00e9tranch\u00e9"},"content":{"rendered":"","protected":false},"excerpt":{"rendered":"<p>Marque : Smart Choice<br \/>\nTemperature : Frais<br \/>\nConditionnement : 0,9kg\/1,4kg<\/p>\n","protected":false},"featured_media":3523,"template":"","meta":[],"product_cat":[370,367],"product_tag":[386],"class_list":{"0":"post-2620","1":"product","2":"type-product","3":"status-publish","4":"has-post-thumbnail","6":"product_cat-horeca-service","7":"product_cat-thuin-kruibeke","8":"product_tag-produits-de-la-mer","10":"first","11":"instock","12":"shipping-taxable","13":"product-type-simple"},"_links":{"self":[{"href":"https:\/\/privatelabel.bidfood.be\/index.php\/wp-json\/wp\/v2\/product\/2620","targetHints":{"allow":["GET"]}}],"collection":[{"href":"https:\/\/privatelabel.bidfood.be\/index.php\/wp-json\/wp\/v2\/product"}],"about":[{"href":"https:\/\/privatelabel.bidfood.be\/index.php\/wp-json\/wp\/v2\/types\/product"}],"wp:featuredmedia":[{"embeddable":true,"href":"https:\/\/privatelabel.bidfood.be\/index.php\/wp-json\/wp\/v2\/media\/3523"}],"wp:attachment":[{"href":"https:\/\/privatelabel.bidfood.be\/index.php\/wp-json\/wp\/v2\/media?parent=2620"}],"wp:term":[{"taxonomy":"product_cat","embeddable":true,"href":"https:\/\/privatelabel.bidfood.be\/index.php\/wp-json\/wp\/v2\/product_cat?post=2620"},{"taxonomy":"product_tag","embeddable":true,"href":"https:\/\/privatelabel.bidfood.be\/index.php\/wp-json\/wp\/v2\/product_tag?post=2620"}],"curies":[{"name":"wp","href":"https:\/\/api.w.org\/{rel}","templated":true}]}}