{"id":2622,"date":"2024-07-24T13:49:40","date_gmt":"2024-07-24T11:49:40","guid":{"rendered":"https:\/\/privatelabel.bidfood.be\/?post_type=product&#038;p=2622"},"modified":"2024-07-30T08:22:42","modified_gmt":"2024-07-30T06:22:42","slug":"pain-dpice-prtranch-21-tranches","status":"publish","type":"product","link":"https:\/\/privatelabel.bidfood.be\/index.php\/product\/pain-dpice-prtranch-21-tranches\/","title":{"rendered":"Pain d&rsquo;\u00e9pice pr\u00e9tranch\u00e9 21 tranches"},"content":{"rendered":"","protected":false},"excerpt":{"rendered":"<p>Marque : Deline<br \/>\nTemperature : Sec<br \/>\nConditionnement : 12x500g<\/p>\n","protected":false},"featured_media":3519,"template":"","meta":[],"product_cat":[368,367],"product_tag":[371,372],"class_list":{"0":"post-2622","1":"product","2":"type-product","3":"status-publish","4":"has-post-thumbnail","6":"product_cat-de-clercq","7":"product_cat-thuin-kruibeke","8":"product_tag-biscuit","9":"product_tag-chocolat-et-confiserie","11":"first","12":"instock","13":"shipping-taxable","14":"product-type-simple"},"_links":{"self":[{"href":"https:\/\/privatelabel.bidfood.be\/index.php\/wp-json\/wp\/v2\/product\/2622","targetHints":{"allow":["GET"]}}],"collection":[{"href":"https:\/\/privatelabel.bidfood.be\/index.php\/wp-json\/wp\/v2\/product"}],"about":[{"href":"https:\/\/privatelabel.bidfood.be\/index.php\/wp-json\/wp\/v2\/types\/product"}],"wp:featuredmedia":[{"embeddable":true,"href":"https:\/\/privatelabel.bidfood.be\/index.php\/wp-json\/wp\/v2\/media\/3519"}],"wp:attachment":[{"href":"https:\/\/privatelabel.bidfood.be\/index.php\/wp-json\/wp\/v2\/media?parent=2622"}],"wp:term":[{"taxonomy":"product_cat","embeddable":true,"href":"https:\/\/privatelabel.bidfood.be\/index.php\/wp-json\/wp\/v2\/product_cat?post=2622"},{"taxonomy":"product_tag","embeddable":true,"href":"https:\/\/privatelabel.bidfood.be\/index.php\/wp-json\/wp\/v2\/product_tag?post=2622"}],"curies":[{"name":"wp","href":"https:\/\/api.w.org\/{rel}","templated":true}]}}