{"id":2870,"date":"2024-07-24T13:52:53","date_gmt":"2024-07-24T11:52:53","guid":{"rendered":"https:\/\/privatelabel.bidfood.be\/?post_type=product&#038;p=2870"},"modified":"2024-07-26T09:56:06","modified_gmt":"2024-07-26T07:56:06","slug":"tte-presse-grand-mre","status":"publish","type":"product","link":"https:\/\/privatelabel.bidfood.be\/index.php\/product\/tte-presse-grand-mre\/","title":{"rendered":"T\u00eate press\u00e9e grand-m\u00e8re"},"content":{"rendered":"","protected":false},"excerpt":{"rendered":"<p>Marque : Smart Choice<br \/>\nTemperature : Frais<br \/>\nConditionnement : +\/-3kg<\/p>\n","protected":false},"featured_media":3121,"template":"","meta":[],"product_cat":[367],"product_tag":[396],"class_list":{"0":"post-2870","1":"product","2":"type-product","3":"status-publish","4":"has-post-thumbnail","6":"product_cat-thuin-kruibeke","7":"product_tag-charcuterie","9":"first","10":"instock","11":"shipping-taxable","12":"product-type-simple"},"_links":{"self":[{"href":"https:\/\/privatelabel.bidfood.be\/index.php\/wp-json\/wp\/v2\/product\/2870","targetHints":{"allow":["GET"]}}],"collection":[{"href":"https:\/\/privatelabel.bidfood.be\/index.php\/wp-json\/wp\/v2\/product"}],"about":[{"href":"https:\/\/privatelabel.bidfood.be\/index.php\/wp-json\/wp\/v2\/types\/product"}],"wp:featuredmedia":[{"embeddable":true,"href":"https:\/\/privatelabel.bidfood.be\/index.php\/wp-json\/wp\/v2\/media\/3121"}],"wp:attachment":[{"href":"https:\/\/privatelabel.bidfood.be\/index.php\/wp-json\/wp\/v2\/media?parent=2870"}],"wp:term":[{"taxonomy":"product_cat","embeddable":true,"href":"https:\/\/privatelabel.bidfood.be\/index.php\/wp-json\/wp\/v2\/product_cat?post=2870"},{"taxonomy":"product_tag","embeddable":true,"href":"https:\/\/privatelabel.bidfood.be\/index.php\/wp-json\/wp\/v2\/product_tag?post=2870"}],"curies":[{"name":"wp","href":"https:\/\/api.w.org\/{rel}","templated":true}]}}