{"id":2940,"date":"2024-07-24T13:54:00","date_gmt":"2024-07-24T11:54:00","guid":{"rendered":"https:\/\/privatelabel.bidfood.be\/?post_type=product&#038;p=2940"},"modified":"2024-07-25T11:11:09","modified_gmt":"2024-07-25T09:11:09","slug":"croissant-au-beurre-courb-prt-cuire","status":"publish","type":"product","link":"https:\/\/privatelabel.bidfood.be\/index.php\/product\/croissant-au-beurre-courb-prt-cuire\/","title":{"rendered":"Croissant au beurre courb\u00e9 pr\u00eat \u00e0 cuire"},"content":{"rendered":"","protected":false},"excerpt":{"rendered":"<p>Marque : Smart Choice<br \/>\nTemperature : Surgel?<br \/>\nConditionnement : 80x70g<\/p>\n","protected":false},"featured_media":0,"template":"","meta":[],"product_cat":[370,367],"product_tag":[395],"class_list":{"0":"post-2940","1":"product","2":"type-product","3":"status-publish","5":"product_cat-horeca-service","6":"product_cat-thuin-kruibeke","7":"product_tag-viennoiserie","9":"first","10":"instock","11":"shipping-taxable","12":"product-type-simple"},"_links":{"self":[{"href":"https:\/\/privatelabel.bidfood.be\/index.php\/wp-json\/wp\/v2\/product\/2940","targetHints":{"allow":["GET"]}}],"collection":[{"href":"https:\/\/privatelabel.bidfood.be\/index.php\/wp-json\/wp\/v2\/product"}],"about":[{"href":"https:\/\/privatelabel.bidfood.be\/index.php\/wp-json\/wp\/v2\/types\/product"}],"wp:attachment":[{"href":"https:\/\/privatelabel.bidfood.be\/index.php\/wp-json\/wp\/v2\/media?parent=2940"}],"wp:term":[{"taxonomy":"product_cat","embeddable":true,"href":"https:\/\/privatelabel.bidfood.be\/index.php\/wp-json\/wp\/v2\/product_cat?post=2940"},{"taxonomy":"product_tag","embeddable":true,"href":"https:\/\/privatelabel.bidfood.be\/index.php\/wp-json\/wp\/v2\/product_tag?post=2940"}],"curies":[{"name":"wp","href":"https:\/\/api.w.org\/{rel}","templated":true}]}}