{"id":2945,"date":"2024-07-24T13:54:03","date_gmt":"2024-07-24T11:54:03","guid":{"rendered":"https:\/\/privatelabel.bidfood.be\/?post_type=product&#038;p=2945"},"modified":"2024-07-25T10:57:28","modified_gmt":"2024-07-25T08:57:28","slug":"lait-demi-crm-uht-avec-recap-15","status":"publish","type":"product","link":"https:\/\/privatelabel.bidfood.be\/index.php\/product\/lait-demi-crm-uht-avec-recap-15\/","title":{"rendered":"Lait demi-\u00e9cr\u00e9m\u00e9 UHT avec recap 1,5%"},"content":{"rendered":"","protected":false},"excerpt":{"rendered":"<p>Marque : Smart Choice<br \/>\nTemperature : Sec<br \/>\nConditionnement : 12x1L<\/p>\n","protected":false},"featured_media":0,"template":"","meta":[],"product_cat":[368,370,369,367],"product_tag":[366],"class_list":{"0":"post-2945","1":"product","2":"type-product","3":"status-publish","5":"product_cat-de-clercq","6":"product_cat-horeca-service","7":"product_cat-makady","8":"product_cat-thuin-kruibeke","9":"product_tag-produits-laitiers-et-oeufs","11":"first","12":"instock","13":"shipping-taxable","14":"product-type-simple"},"_links":{"self":[{"href":"https:\/\/privatelabel.bidfood.be\/index.php\/wp-json\/wp\/v2\/product\/2945","targetHints":{"allow":["GET"]}}],"collection":[{"href":"https:\/\/privatelabel.bidfood.be\/index.php\/wp-json\/wp\/v2\/product"}],"about":[{"href":"https:\/\/privatelabel.bidfood.be\/index.php\/wp-json\/wp\/v2\/types\/product"}],"wp:attachment":[{"href":"https:\/\/privatelabel.bidfood.be\/index.php\/wp-json\/wp\/v2\/media?parent=2945"}],"wp:term":[{"taxonomy":"product_cat","embeddable":true,"href":"https:\/\/privatelabel.bidfood.be\/index.php\/wp-json\/wp\/v2\/product_cat?post=2945"},{"taxonomy":"product_tag","embeddable":true,"href":"https:\/\/privatelabel.bidfood.be\/index.php\/wp-json\/wp\/v2\/product_tag?post=2945"}],"curies":[{"name":"wp","href":"https:\/\/api.w.org\/{rel}","templated":true}]}}