{"id":2949,"date":"2024-07-24T13:54:05","date_gmt":"2024-07-24T11:54:05","guid":{"rendered":"https:\/\/privatelabel.bidfood.be\/?post_type=product&#038;p=2949"},"modified":"2024-07-25T10:27:44","modified_gmt":"2024-07-25T08:27:44","slug":"caf-moulu-dcafn","status":"publish","type":"product","link":"https:\/\/privatelabel.bidfood.be\/index.php\/product\/caf-moulu-dcafn\/","title":{"rendered":"Caf\u00e9 moulu d\u00e9caf\u00e9\u00efn\u00e9"},"content":{"rendered":"","protected":false},"excerpt":{"rendered":"<p>Marque : Smart Choice<br \/>\nTemperature : Sec<br \/>\nConditionnement : 6x1kg<\/p>\n","protected":false},"featured_media":3043,"template":"","meta":[],"product_cat":[368,370,367],"product_tag":[391],"class_list":{"0":"post-2949","1":"product","2":"type-product","3":"status-publish","4":"has-post-thumbnail","6":"product_cat-de-clercq","7":"product_cat-horeca-service","8":"product_cat-thuin-kruibeke","9":"product_tag-boissons","11":"first","12":"instock","13":"shipping-taxable","14":"product-type-simple"},"_links":{"self":[{"href":"https:\/\/privatelabel.bidfood.be\/index.php\/wp-json\/wp\/v2\/product\/2949","targetHints":{"allow":["GET"]}}],"collection":[{"href":"https:\/\/privatelabel.bidfood.be\/index.php\/wp-json\/wp\/v2\/product"}],"about":[{"href":"https:\/\/privatelabel.bidfood.be\/index.php\/wp-json\/wp\/v2\/types\/product"}],"wp:featuredmedia":[{"embeddable":true,"href":"https:\/\/privatelabel.bidfood.be\/index.php\/wp-json\/wp\/v2\/media\/3043"}],"wp:attachment":[{"href":"https:\/\/privatelabel.bidfood.be\/index.php\/wp-json\/wp\/v2\/media?parent=2949"}],"wp:term":[{"taxonomy":"product_cat","embeddable":true,"href":"https:\/\/privatelabel.bidfood.be\/index.php\/wp-json\/wp\/v2\/product_cat?post=2949"},{"taxonomy":"product_tag","embeddable":true,"href":"https:\/\/privatelabel.bidfood.be\/index.php\/wp-json\/wp\/v2\/product_tag?post=2949"}],"curies":[{"name":"wp","href":"https:\/\/api.w.org\/{rel}","templated":true}]}}