{"id":2990,"date":"2024-07-24T13:54:33","date_gmt":"2024-07-24T11:54:33","guid":{"rendered":"https:\/\/privatelabel.bidfood.be\/?post_type=product&#038;p=2990"},"modified":"2024-07-25T07:54:28","modified_gmt":"2024-07-25T05:54:28","slug":"saumon-fum-frais-prcoup","status":"publish","type":"product","link":"https:\/\/privatelabel.bidfood.be\/index.php\/product\/saumon-fum-frais-prcoup\/","title":{"rendered":"Saumon fum\u00e9 frais pr\u00e9coup\u00e9"},"content":{"rendered":"","protected":false},"excerpt":{"rendered":"<p>Marque : Smart Choice<br \/>\nTemperature : Frais<br \/>\nConditionnement : 0<\/p>\n","protected":false},"featured_media":0,"template":"","meta":[],"product_cat":[368,369],"product_tag":[386],"class_list":{"0":"post-2990","1":"product","2":"type-product","3":"status-publish","5":"product_cat-de-clercq","6":"product_cat-makady","7":"product_tag-produits-de-la-mer","9":"first","10":"instock","11":"shipping-taxable","12":"product-type-simple"},"_links":{"self":[{"href":"https:\/\/privatelabel.bidfood.be\/index.php\/wp-json\/wp\/v2\/product\/2990","targetHints":{"allow":["GET"]}}],"collection":[{"href":"https:\/\/privatelabel.bidfood.be\/index.php\/wp-json\/wp\/v2\/product"}],"about":[{"href":"https:\/\/privatelabel.bidfood.be\/index.php\/wp-json\/wp\/v2\/types\/product"}],"wp:attachment":[{"href":"https:\/\/privatelabel.bidfood.be\/index.php\/wp-json\/wp\/v2\/media?parent=2990"}],"wp:term":[{"taxonomy":"product_cat","embeddable":true,"href":"https:\/\/privatelabel.bidfood.be\/index.php\/wp-json\/wp\/v2\/product_cat?post=2990"},{"taxonomy":"product_tag","embeddable":true,"href":"https:\/\/privatelabel.bidfood.be\/index.php\/wp-json\/wp\/v2\/product_tag?post=2990"}],"curies":[{"name":"wp","href":"https:\/\/api.w.org\/{rel}","templated":true}]}}